{"id":33908,"date":"2025-12-12T16:46:00","date_gmt":"2025-12-12T16:46:00","guid":{"rendered":"https:\/\/edirectorios.com.mx\/directorios-latinoamerica\/?post_type=product&#038;p=33908"},"modified":"2025-12-12T16:46:20","modified_gmt":"2025-12-12T16:46:20","slug":"duenos-de-negocios-y-gerentes-de-empresas-en-la-republica-mexicana-y-duenos-de-negocios-y-gerentes-de-empresas-en-chile","status":"publish","type":"product","link":"https:\/\/edirectorios.com.mx\/directorios-latinoamerica\/product\/duenos-de-negocios-y-gerentes-de-empresas-en-la-republica-mexicana-y-duenos-de-negocios-y-gerentes-de-empresas-en-chile\/","title":{"rendered":"Due\u00f1os de negocios y gerentes de empresas en la Rep\u00fablica Mexicana y Due\u00f1os de negocios y gerentes de empresas en Chile."},"content":{"rendered":"","protected":false},"excerpt":{"rendered":"<p>&nbsp;<\/p>\n<div class=\"row\">\n<div class=\"col-sm\"><strong>C\u00f3digo:<span style=\"color: #d12626;\">KOCB-J0<\/span><\/strong><\/div>\n<div class=\"col-sm\"><strong>N\u00famero de registros: <\/strong>1000<\/div>\n<\/div>\n<div class=\"row\">\n<div class=\"col-sm \"><strong>Folio:<\/strong><span style=\"color: #d12626;\"> BE0217B105<\/span><\/div>\n<\/div>\n<p><strong>Segmentaci\u00f3n:<\/strong><\/p>\n<div class=\"row\">\n<div class=\"col-sm \">*Due\u00f1os de negocios y gerentes de empresas en la Rep\u00fablica Mexicana (500 REGISTROS).<br \/>\n*Due\u00f1os de negocios y gerentes de empresas en Chile (500 REGISTROS).<\/div>\n<\/div>\n<p><strong>Campos Contenidos:<\/strong><\/p>\n<div class=\"row\">\n<div class=\"col-sm \">*Nombre \/ Direcci\u00f3n.<br \/>\n*Nombre \/ Direcci\u00f3n.<\/div>\n<\/div>\n<div class=\"row\">\n<div class=\"col-sm\"><strong>Garant\u00eda:\u00a0<\/strong>65%-75%\u00a0<strong>Precio Original:<del>\u00a0<\/del><\/strong><del>$458 USD<\/del> <strong>Descuento Especial:<span style=\"color: #d12626;\">\u00a0<\/span><\/strong><span style=\"color: #d12626;\"><strong class=\"text-danger\">35%<\/strong><\/span><\/div>\n<\/div>\n<div class=\"row\">\n<div class=\"col text-center\"><strong>Total a Pagar:\u00a0<\/strong><span style=\"color: #d12626;\"><strong class=\"text-danger\">$297 USD<\/strong><\/span><\/div>\n<\/div>\n","protected":false},"featured_media":31013,"template":"","meta":{"_bst_post_transparent":"","_bst_post_title":"","_bst_post_layout":"","_bst_post_sidebar_id":"","_bst_post_content_style":"","_bst_post_vertical_padding":"","_bst_post_feature":"","_bst_post_feature_position":"","_bst_post_header":false,"_bst_post_footer":false},"product_brand":[],"product_cat":[1060],"product_tag":[1236,1238,1155,1241,1160,1244,1247,1249,1280,1251,1252],"product_brands":[],"class_list":{"0":"post-33908","1":"product","2":"type-product","3":"status-publish","4":"has-post-thumbnail","6":"product_cat-empresas-en-mexico","7":"product_tag-base-de-datos-america-latina","8":"product_tag-base-de-datos-chile","9":"product_tag-base-de-datos-empresas","10":"product_tag-base-de-datos-empresas-en-latinoamerica","11":"product_tag-base-de-datos-gerente","12":"product_tag-base-de-datos-latam","13":"product_tag-chile-database","14":"product_tag-directorios-empresarial-latinoamerica","15":"product_tag-duenos","16":"product_tag-latam-database","17":"product_tag-latinoamerica-database","19":"first","20":"instock","21":"sale","22":"virtual","23":"purchasable","24":"product-type-simple","25":"entry","26":"content-bg","27":"loop-entry"},"aioseo_notices":[],"_links":{"self":[{"href":"https:\/\/edirectorios.com.mx\/directorios-latinoamerica\/wp-json\/wp\/v2\/product\/33908","targetHints":{"allow":["GET"]}}],"collection":[{"href":"https:\/\/edirectorios.com.mx\/directorios-latinoamerica\/wp-json\/wp\/v2\/product"}],"about":[{"href":"https:\/\/edirectorios.com.mx\/directorios-latinoamerica\/wp-json\/wp\/v2\/types\/product"}],"version-history":[{"count":1,"href":"https:\/\/edirectorios.com.mx\/directorios-latinoamerica\/wp-json\/wp\/v2\/product\/33908\/revisions"}],"predecessor-version":[{"id":33938,"href":"https:\/\/edirectorios.com.mx\/directorios-latinoamerica\/wp-json\/wp\/v2\/product\/33908\/revisions\/33938"}],"wp:featuredmedia":[{"embeddable":true,"href":"https:\/\/edirectorios.com.mx\/directorios-latinoamerica\/wp-json\/wp\/v2\/media\/31013"}],"wp:attachment":[{"href":"https:\/\/edirectorios.com.mx\/directorios-latinoamerica\/wp-json\/wp\/v2\/media?parent=33908"}],"wp:term":[{"taxonomy":"product_brand","embeddable":true,"href":"https:\/\/edirectorios.com.mx\/directorios-latinoamerica\/wp-json\/wp\/v2\/product_brand?post=33908"},{"taxonomy":"product_cat","embeddable":true,"href":"https:\/\/edirectorios.com.mx\/directorios-latinoamerica\/wp-json\/wp\/v2\/product_cat?post=33908"},{"taxonomy":"product_tag","embeddable":true,"href":"https:\/\/edirectorios.com.mx\/directorios-latinoamerica\/wp-json\/wp\/v2\/product_tag?post=33908"},{"taxonomy":"product_brands","embeddable":true,"href":"https:\/\/edirectorios.com.mx\/directorios-latinoamerica\/wp-json\/wp\/v2\/product_brands?post=33908"}],"curies":[{"name":"wp","href":"https:\/\/api.w.org\/{rel}","templated":true}]}}