{"id":33901,"date":"2025-12-12T16:45:59","date_gmt":"2025-12-12T16:45:59","guid":{"rendered":"https:\/\/edirectorios.com.mx\/directorios-latinoamerica\/?post_type=product&#038;p=33901"},"modified":"2025-12-12T16:46:15","modified_gmt":"2025-12-12T16:46:15","slug":"empresas-grandes-del-sector-industrial-distribuida-por-estados-y-porcentajes","status":"publish","type":"product","link":"https:\/\/edirectorios.com.mx\/directorios-latinoamerica\/product\/empresas-grandes-del-sector-industrial-distribuida-por-estados-y-porcentajes\/","title":{"rendered":"Empresas grandes del sector industrial distribuida por estados y porcentajes."},"content":{"rendered":"","protected":false},"excerpt":{"rendered":"<p>&nbsp;<\/p>\n<div class=\"row\">\n<div class=\"col-sm\"><strong>C\u00f3digo:<\/strong> <strong class=\"text-danger\">PTAC-K2<\/strong><\/div>\n<div class=\"col-sm\"><strong>N\u00famero de registros: 750<\/strong><\/div>\n<\/div>\n<div class=\"row\">\n<div class=\"col-sm \"><strong>Folio: <\/strong><span style=\"color: #ff0000;\">BV0117B006<\/span><\/div>\n<\/div>\n<p><strong>Segmentaci\u00f3n:<\/strong><\/p>\n<div class=\"row\">\n<div class=\"col-sm \">Empresas grandes del sector industrial en los estados de la regi\u00f3n del Baj\u00edo (250): Guanajuato (33%), Quer\u00e9taro (33%) y San Luis Potos\u00ed (33%) regi\u00f3n Noreste 250: Nuevo Le\u00f3n (40%), Saltillo(Coahuila) (15%), Torre\u00f3n (Coahuila) (15%), Matamoros (Tamaulipas) (15%), Reynosa (Tamaulipas) (15%). 250 de Sonora (todo el Estado).<\/div>\n<\/div>\n<p><strong>Campos Contenidos:<\/strong><\/p>\n<div class=\"row\">\n<div class=\"col-sm \">Empresa \/ Direcci\u00f3n \/ Ciudad \/ Estado \/ Contacto \/ Puesto: Gerente de planta o Gerente de mantenimiento \/ Tel\u00e9fono \/ Email.<\/div>\n<div><\/div>\n<\/div>\n<div class=\"row\">\n<div class=\"col-sm\"><strong>Garant\u00eda:\u00a0<\/strong>65%-75%\u00a0<strong>Precio Original:\u00a0<\/strong><del>$680 USD<\/del> <strong>Descuento Especial:\u00a0<\/strong><strong class=\"text-danger\">35%<\/strong><\/div>\n<\/div>\n<div class=\"row\">\n<div class=\"col text-center\"><strong>Total a Pagar:\u00a0<\/strong><strong class=\"text-danger\">$442 USD<\/strong><\/div>\n<\/div>\n","protected":false},"featured_media":31023,"template":"","meta":{"_bst_post_transparent":"","_bst_post_title":"","_bst_post_layout":"","_bst_post_sidebar_id":"","_bst_post_content_style":"","_bst_post_vertical_padding":"","_bst_post_feature":"","_bst_post_feature_position":"","_bst_post_header":false,"_bst_post_footer":false},"product_brand":[],"product_cat":[1060,1267],"product_tag":[1062,1182,1063,1064,1268,1067,1068,1211,1071,1074,1075,1076,1077,1078,1079,1155,1080,1242,1081,1082,1157,1083,1084,1085,1158,1086,1159,1160,1269,1088,1089,1090,1188,1092,1093,1270,1217,1271,1272,1097,1098,1099,1100,1102,1104,1226,1165,1105,1228,1106,1107,1229,1111,1114,1116,1117,1118,1119,1167,1170,1254,1133,1135,1136,1137,1138,1139,1140,1142,1144,1145,1205,1206,1172,1173,1174,1175,1273,1149],"product_brands":[],"class_list":{"0":"post-33901","1":"product","2":"type-product","3":"status-publish","4":"has-post-thumbnail","6":"product_cat-empresas-en-mexico","7":"product_cat-empresas-grandes","8":"product_tag-b2c-email-database","9":"product_tag-base-de-datos","10":"product_tag-base-de-datos-campana-de-email-marketing","11":"product_tag-base-de-datos-campanas-de-email-marketing","12":"product_tag-base-de-datos-coahuila","13":"product_tag-base-de-datos-correo-masivo","14":"product_tag-base-de-datos-correo-masivos","15":"product_tag-base-de-datos-de-empresas-b2b","16":"product_tag-base-de-datos-direct-e-mail-marketing","17":"product_tag-base-de-datos-email-marketer","18":"product_tag-base-de-datos-email-marketing","19":"product_tag-base-de-datos-email-masivos","20":"product_tag-base-de-datos-email-publicidad","21":"product_tag-base-de-datos-email-publicitario","22":"product_tag-base-de-datos-emailing","23":"product_tag-base-de-datos-empresas","24":"product_tag-base-de-datos-empresas-de-email-marketing","25":"product_tag-base-de-datos-empresas-grandes","26":"product_tag-base-de-datos-enviar-email-masivo","27":"product_tag-base-de-datos-envio-de-email-masivo","28":"product_tag-base-de-datos-envio-masivo","29":"product_tag-base-de-datos-envio-masivo-correo","30":"product_tag-base-de-datos-envio-masivo-correos","31":"product_tag-base-de-datos-envio-masivo-de-emails","32":"product_tag-base-de-datos-envio-masivos","33":"product_tag-base-de-datos-envios-de-correo-masivos","34":"product_tag-base-de-datos-envios-masivos","35":"product_tag-base-de-datos-gerente","36":"product_tag-base-de-datos-guanajuato","37":"product_tag-base-de-datos-marketing","38":"product_tag-base-de-datos-marketing-por-e-mail","39":"product_tag-base-de-datos-marketing-por-email","40":"product_tag-base-de-datos-nuevo-leon","41":"product_tag-base-de-datos-para-marketing","42":"product_tag-base-de-datos-publicidad-por-email","43":"product_tag-base-de-datos-queretaro","44":"product_tag-base-de-datos-san-luis-potosi","45":"product_tag-base-de-datos-sonora","46":"product_tag-base-de-datos-tamaulipas","47":"product_tag-bases-de-datos-correos","48":"product_tag-bases-de-datos-correos-electronicos","49":"product_tag-bases-de-datos-de-emails","50":"product_tag-bases-de-datos-de-marketing","51":"product_tag-bases-de-datos-email","52":"product_tag-bases-de-datos-emailing","53":"product_tag-bases-de-datos-emails","54":"product_tag-bases-de-datos-mailing","55":"product_tag-bases-de-datos-numeros-de-telefonos","56":"product_tag-bases-de-datos-para-ventas","57":"product_tag-bases-de-datos-telefono","58":"product_tag-bases-de-datos-telefonos-fijos","59":"product_tag-big-corporates-database","60":"product_tag-business-email-database","61":"product_tag-business-mailing-database","62":"product_tag-buy-email-database","63":"product_tag-buy-email-list","64":"product_tag-buy-email-list-database","65":"product_tag-company-database","66":"product_tag-company-email-address-list","67":"product_tag-database","68":"product_tag-databases","69":"product_tag-email-address-list","70":"product_tag-email-lists","71":"product_tag-email-marketing-list","72":"product_tag-list-of-email-addresses","73":"product_tag-lista-de-correos","74":"product_tag-lista-de-correos-electronicos","75":"product_tag-mail-marketing","76":"product_tag-mailing-list","77":"product_tag-marketing-correo-electronico","78":"product_tag-marketing-lists","79":"product_tag-nuevo-leon-database","80":"product_tag-phone","81":"product_tag-phone-database","82":"product_tag-phone-lists","83":"product_tag-phone-number","84":"product_tag-phone-number-list","85":"product_tag-publicidad-por-base-de-datos-correo-electronico-bases-de-datos-de-telefonos","86":"product_tag-telefono","88":"first","89":"instock","90":"sale","91":"virtual","92":"purchasable","93":"product-type-simple","94":"entry","95":"content-bg","96":"loop-entry"},"aioseo_notices":[],"_links":{"self":[{"href":"https:\/\/edirectorios.com.mx\/directorios-latinoamerica\/wp-json\/wp\/v2\/product\/33901","targetHints":{"allow":["GET"]}}],"collection":[{"href":"https:\/\/edirectorios.com.mx\/directorios-latinoamerica\/wp-json\/wp\/v2\/product"}],"about":[{"href":"https:\/\/edirectorios.com.mx\/directorios-latinoamerica\/wp-json\/wp\/v2\/types\/product"}],"version-history":[{"count":1,"href":"https:\/\/edirectorios.com.mx\/directorios-latinoamerica\/wp-json\/wp\/v2\/product\/33901\/revisions"}],"predecessor-version":[{"id":33931,"href":"https:\/\/edirectorios.com.mx\/directorios-latinoamerica\/wp-json\/wp\/v2\/product\/33901\/revisions\/33931"}],"wp:featuredmedia":[{"embeddable":true,"href":"https:\/\/edirectorios.com.mx\/directorios-latinoamerica\/wp-json\/wp\/v2\/media\/31023"}],"wp:attachment":[{"href":"https:\/\/edirectorios.com.mx\/directorios-latinoamerica\/wp-json\/wp\/v2\/media?parent=33901"}],"wp:term":[{"taxonomy":"product_brand","embeddable":true,"href":"https:\/\/edirectorios.com.mx\/directorios-latinoamerica\/wp-json\/wp\/v2\/product_brand?post=33901"},{"taxonomy":"product_cat","embeddable":true,"href":"https:\/\/edirectorios.com.mx\/directorios-latinoamerica\/wp-json\/wp\/v2\/product_cat?post=33901"},{"taxonomy":"product_tag","embeddable":true,"href":"https:\/\/edirectorios.com.mx\/directorios-latinoamerica\/wp-json\/wp\/v2\/product_tag?post=33901"},{"taxonomy":"product_brands","embeddable":true,"href":"https:\/\/edirectorios.com.mx\/directorios-latinoamerica\/wp-json\/wp\/v2\/product_brands?post=33901"}],"curies":[{"name":"wp","href":"https:\/\/api.w.org\/{rel}","templated":true}]}}