{"id":30887,"date":"2025-12-04T22:51:12","date_gmt":"2025-12-04T22:51:12","guid":{"rendered":"https:\/\/edirectorios.com.mx\/directorios-latinoamerica\/?page_id=30887"},"modified":"2026-02-06T18:21:51","modified_gmt":"2026-02-06T18:21:51","slug":"forma-de-pago","status":"publish","type":"page","link":"https:\/\/edirectorios.com.mx\/directorios-latinoamerica\/forma-de-pago\/","title":{"rendered":"Forma de pago"},"content":{"rendered":"\t\t<div data-elementor-type=\"wp-page\" data-elementor-id=\"30887\" class=\"elementor elementor-30887\">\n\t\t\t\t\t\t<section class=\"elementor-section elementor-top-section elementor-element elementor-element-35822b2 elementor-section-boxed elementor-section-height-default elementor-section-height-default\" data-id=\"35822b2\" data-element_type=\"section\" data-e-type=\"section\" data-settings=\"{&quot;background_background&quot;:&quot;classic&quot;}\">\n\t\t\t\t\t\t<div class=\"elementor-container elementor-column-gap-no\">\n\t\t\t\t\t<div class=\"elementor-column elementor-col-100 elementor-top-column elementor-element elementor-element-58751a3\" data-id=\"58751a3\" data-element_type=\"column\" data-e-type=\"column\">\n\t\t\t<div class=\"elementor-widget-wrap elementor-element-populated\">\n\t\t\t\t\t\t<div class=\"elementor-element elementor-element-948ab7c elementor-widget elementor-widget-heading\" data-id=\"948ab7c\" data-element_type=\"widget\" data-e-type=\"widget\" data-widget_type=\"heading.default\">\n\t\t\t\t\t<h1 class=\"elementor-heading-title elementor-size-default\">Forma de Pago<\/h1>\t\t\t\t<\/div>\n\t\t\t\t\t<\/div>\n\t\t<\/div>\n\t\t\t\t\t<\/div>\n\t\t<\/section>\n\t\t\t\t<section class=\"elementor-section elementor-top-section elementor-element elementor-element-6371665 elementor-section-boxed elementor-section-height-default elementor-section-height-default\" data-id=\"6371665\" data-element_type=\"section\" data-e-type=\"section\" data-settings=\"{&quot;background_background&quot;:&quot;classic&quot;}\">\n\t\t\t\t\t\t<div class=\"elementor-container elementor-column-gap-no\">\n\t\t\t\t\t<div class=\"elementor-column elementor-col-100 elementor-top-column elementor-element elementor-element-7f65bca\" data-id=\"7f65bca\" data-element_type=\"column\" data-e-type=\"column\">\n\t\t\t<div class=\"elementor-widget-wrap elementor-element-populated\">\n\t\t\t\t\t\t<section class=\"elementor-section elementor-inner-section elementor-element elementor-element-a99fdf6 elementor-section-boxed elementor-section-height-default elementor-section-height-default\" data-id=\"a99fdf6\" data-element_type=\"section\" data-e-type=\"section\">\n\t\t\t\t\t\t<div class=\"elementor-container elementor-column-gap-no\">\n\t\t\t\t\t<div class=\"elementor-column elementor-col-33 elementor-inner-column elementor-element elementor-element-0e232bb\" data-id=\"0e232bb\" data-element_type=\"column\" data-e-type=\"column\" data-settings=\"{&quot;background_background&quot;:&quot;classic&quot;}\">\n\t\t\t<div class=\"elementor-widget-wrap elementor-element-populated\">\n\t\t\t\t\t\t<div class=\"elementor-element elementor-element-2593eb0 elementor-view-framed elementor-shape-circle elementor-position-block-start elementor-mobile-position-block-start elementor-widget elementor-widget-icon-box\" data-id=\"2593eb0\" data-element_type=\"widget\" data-e-type=\"widget\" data-widget_type=\"icon-box.default\">\n\t\t\t\t\t\t\t<div class=\"elementor-icon-box-wrapper\">\n\n\t\t\t\t\t\t<div class=\"elementor-icon-box-icon\">\n\t\t\t\t<span  class=\"elementor-icon\">\n\t\t\t\t<svg aria-hidden=\"true\" class=\"e-font-icon-svg e-fab-telegram-plane\" viewBox=\"0 0 448 512\" xmlns=\"http:\/\/www.w3.org\/2000\/svg\"><path d=\"M446.7 98.6l-67.6 318.8c-5.1 22.5-18.4 28.1-37.3 17.5l-103-75.9-49.7 47.8c-5.5 5.5-10.1 10.1-20.7 10.1l7.4-104.9 190.9-172.5c8.3-7.4-1.8-11.5-12.9-4.1L117.8 284 16.2 252.2c-22.1-6.9-22.5-22.1 4.6-32.7L418.2 66.4c18.4-6.9 34.5 4.1 28.5 32.2z\"><\/path><\/svg>\t\t\t\t<\/span>\n\t\t\t<\/div>\n\t\t\t\n\t\t\t\t\t\t<div class=\"elementor-icon-box-content\">\n\n\t\t\t\t\t\t\t\t\t<h3 class=\"elementor-icon-box-title\">\n\t\t\t\t\t\t<span  >\n\t\t\t\t\t\t\tForma de Entrega\t\t\t\t\t\t<\/span>\n\t\t\t\t\t<\/h3>\n\t\t\t\t\n\t\t\t\t\t\t\t\t\t<p class=\"elementor-icon-box-description\">\n\t\t\t\t\t\t* El directorio se entregar\u00e1 v\u00eda Email<br>\n* Viene adjunto en un archivo Excel<br>\n* Contiene contrase\u00f1a que solamente se entregar\u00e1 al responsable de la misma para su\nseguridad\t\t\t\t\t<\/p>\n\t\t\t\t\n\t\t\t<\/div>\n\t\t\t\n\t\t<\/div>\n\t\t\t\t\t\t<\/div>\n\t\t\t\t\t<\/div>\n\t\t<\/div>\n\t\t\t\t<div class=\"elementor-column elementor-col-33 elementor-inner-column elementor-element elementor-element-23701e1\" data-id=\"23701e1\" data-element_type=\"column\" data-e-type=\"column\" data-settings=\"{&quot;background_background&quot;:&quot;classic&quot;}\">\n\t\t\t<div class=\"elementor-widget-wrap elementor-element-populated\">\n\t\t\t\t\t\t<div class=\"elementor-element elementor-element-f5a169e elementor-view-framed elementor-shape-circle elementor-position-block-start elementor-mobile-position-block-start elementor-widget elementor-widget-icon-box\" data-id=\"f5a169e\" data-element_type=\"widget\" data-e-type=\"widget\" data-widget_type=\"icon-box.default\">\n\t\t\t\t\t\t\t<div class=\"elementor-icon-box-wrapper\">\n\n\t\t\t\t\t\t<div class=\"elementor-icon-box-icon\">\n\t\t\t\t<span  class=\"elementor-icon\">\n\t\t\t\t<svg aria-hidden=\"true\" class=\"e-font-icon-svg e-far-money-bill-alt\" viewBox=\"0 0 640 512\" xmlns=\"http:\/\/www.w3.org\/2000\/svg\"><path d=\"M320 144c-53.02 0-96 50.14-96 112 0 61.85 42.98 112 96 112 53 0 96-50.13 96-112 0-61.86-42.98-112-96-112zm40 168c0 4.42-3.58 8-8 8h-64c-4.42 0-8-3.58-8-8v-16c0-4.42 3.58-8 8-8h16v-55.44l-.47.31a7.992 7.992 0 0 1-11.09-2.22l-8.88-13.31a7.992 7.992 0 0 1 2.22-11.09l15.33-10.22a23.99 23.99 0 0 1 13.31-4.03H328c4.42 0 8 3.58 8 8v88h16c4.42 0 8 3.58 8 8v16zM608 64H32C14.33 64 0 78.33 0 96v320c0 17.67 14.33 32 32 32h576c17.67 0 32-14.33 32-32V96c0-17.67-14.33-32-32-32zm-16 272c-35.35 0-64 28.65-64 64H112c0-35.35-28.65-64-64-64V176c35.35 0 64-28.65 64-64h416c0 35.35 28.65 64 64 64v160z\"><\/path><\/svg>\t\t\t\t<\/span>\n\t\t\t<\/div>\n\t\t\t\n\t\t\t\t\t\t<div class=\"elementor-icon-box-content\">\n\n\t\t\t\t\t\t\t\t\t<h3 class=\"elementor-icon-box-title\">\n\t\t\t\t\t\t<span  >\n\t\t\t\t\t\t\tForma de Pago\t\t\t\t\t\t<\/span>\n\t\t\t\t\t<\/h3>\n\t\t\t\t\n\t\t\t\t\t\t\t\t\t<p class=\"elementor-icon-box-description\">\n\t\t\t\t\t\tRealiza tu pago directamente en <strong>PayPal ingresando el Precio y # de Folio o C\u00f3digo<\/strong> del directorio que desee.\n\t\t\t\t\t<\/p>\n\t\t\t\t\n\t\t\t<\/div>\n\t\t\t\n\t\t<\/div>\n\t\t\t\t\t\t<\/div>\n\t\t\t\t<div class=\"elementor-element elementor-element-3a134dd elementor-widget elementor-widget-html\" data-id=\"3a134dd\" data-element_type=\"widget\" data-e-type=\"widget\" data-widget_type=\"html.default\">\n\t\t\t\t\t<div id=\"smart-button-container\">\r\n    <div style=\"text-align: center\"><label for=\"description\">N\u00ba de Folio: <\/label><input type=\"text\" name=\"descriptionInput\" style=\"color:#767676\" id=\"description\" maxlength=\"127\" value=\"\"><\/div>\r\n      <p id=\"descriptionError\" style=\"visibility: hidden; color:red; text-align: center;\">Please enter a description<\/p>\r\n    <div style=\"text-align: center\"><label for=\"amount\">Precio:  <\/label><input name=\"amountInput\" type=\"number\" style=\"color:#767676\" id=\"amount\" value=\"\"><span> USD<\/span><\/div>\r\n      <p id=\"priceLabelError\" style=\"visibility: hidden; color:red; text-align: center;\">Please enter a price<\/p>\r\n    <div id=\"invoiceidDiv\" style=\"text-align: center; display: none;\"><label for=\"invoiceid\"> <\/label><input name=\"invoiceid\" maxlength=\"127\" style=\"color:#767676\" type=\"text\" id=\"invoiceid\" value=\"\" ><\/div>\r\n      <p id=\"invoiceidError\" style=\"visibility: hidden; color:red; text-align: center;\">Please enter an Invoice ID<\/p>\r\n    <div style=\"text-align: center; margin-top: 0.625rem;\" id=\"paypal-button-container\"><\/div>\r\n  <\/div>  <script src=\"https:\/\/www.paypal.com\/sdk\/js?client-id=ATFnlytSPjA3Qvk2fwNEQA-65AAbitVjdimihu5_yAUMCBE-_9GCDbf7d94mB5GDo2Z43ioW-fuZDfcl&enable-funding=venmo&currency=USD\" data-sdk-integration-source=\"button-factory\"><\/script>\r\n  <script>\r\n  function initPayPalButton() {\r\n    var description = document.querySelector('#smart-button-container #description');\r\n    var amount = document.querySelector('#smart-button-container #amount');\r\n    var descriptionError = document.querySelector('#smart-button-container #descriptionError');\r\n    var priceError = document.querySelector('#smart-button-container #priceLabelError');\r\n    var invoiceid = document.querySelector('#smart-button-container #invoiceid');\r\n    var invoiceidError = document.querySelector('#smart-button-container #invoiceidError');\r\n    var invoiceidDiv = document.querySelector('#smart-button-container #invoiceidDiv');\r\n\r\n    var elArr = [description, amount];\r\n\r\n    if (invoiceidDiv.firstChild.innerHTML.length > 1) {\r\n      invoiceidDiv.style.display = \"block\";\r\n    }\r\n\r\n    var purchase_units = [];\r\n    purchase_units[0] = {};\r\n    purchase_units[0].amount = {};\r\n\r\n    function validate(event) {\r\n      return event.value.length > 0;\r\n    }\r\n\r\n    paypal.Buttons({\r\n      style: {\r\n        color: 'gold',\r\n        shape: 'rect',\r\n        label: 'paypal',\r\n        layout: 'vertical',\r\n        \r\n      },\r\n\r\n      onInit: function (data, actions) {\r\n        actions.disable();\r\n\r\n        if(invoiceidDiv.style.display === \"block\") {\r\n          elArr.push(invoiceid);\r\n        }\r\n\r\n        elArr.forEach(function (item) {\r\n          item.addEventListener('keyup', function (event) {\r\n            var result = elArr.every(validate);\r\n            if (result) {\r\n              actions.enable();\r\n            } else {\r\n              actions.disable();\r\n            }\r\n          });\r\n        });\r\n      },\r\n\r\n      onClick: function () {\r\n        if (description.value.length < 1) {\r\n          descriptionError.style.visibility = \"visible\";\r\n        } else {\r\n          descriptionError.style.visibility = \"hidden\";\r\n        }\r\n\r\n        if (amount.value.length < 1) {\r\n          priceError.style.visibility = \"visible\";\r\n        } else {\r\n          priceError.style.visibility = \"hidden\";\r\n        }\r\n\r\n        if (invoiceid.value.length < 1 && invoiceidDiv.style.display === \"block\") {\r\n          invoiceidError.style.visibility = \"visible\";\r\n        } else {\r\n          invoiceidError.style.visibility = \"hidden\";\r\n        }\r\n\r\n        purchase_units[0].description = description.value;\r\n        purchase_units[0].amount.value = amount.value;\r\n\r\n        if(invoiceid.value !== '') {\r\n          purchase_units[0].invoice_id = invoiceid.value;\r\n        }\r\n      },\r\n\r\n      createOrder: function (data, actions) {\r\n        return actions.order.create({\r\n          purchase_units: purchase_units,\r\n        });\r\n      },\r\n\r\n      onApprove: function (data, actions) {\r\n        return actions.order.capture().then(function (orderData) {\r\n\r\n          \/\/ Full available details\r\n          console.log('Capture result', orderData, JSON.stringify(orderData, null, 2));\r\n\r\n          \/\/ Show a success message within this page, e.g.\r\n          const element = document.getElementById('paypal-button-container');\r\n          element.innerHTML = '';\r\n          element.innerHTML = '<h3>Thank you for your payment!<\/h3>';\r\n\r\n          \/\/ Or go to another URL:  actions.redirect('thank_you.html');\r\n          \r\n        });\r\n      },\r\n\r\n      onError: function (err) {\r\n        console.log(err);\r\n      }\r\n    }).render('#paypal-button-container');\r\n  }\r\n  initPayPalButton();\r\n  <\/script>\t\t\t\t<\/div>\n\t\t\t\t\t<\/div>\n\t\t<\/div>\n\t\t\t\t<div class=\"elementor-column elementor-col-33 elementor-inner-column elementor-element elementor-element-8a629e8\" data-id=\"8a629e8\" data-element_type=\"column\" data-e-type=\"column\" data-settings=\"{&quot;background_background&quot;:&quot;classic&quot;}\">\n\t\t\t<div class=\"elementor-widget-wrap elementor-element-populated\">\n\t\t\t\t\t\t<div class=\"elementor-element elementor-element-ffc5469 elementor-view-framed elementor-shape-circle elementor-position-block-start elementor-mobile-position-block-start elementor-widget elementor-widget-icon-box\" data-id=\"ffc5469\" data-element_type=\"widget\" data-e-type=\"widget\" data-widget_type=\"icon-box.default\">\n\t\t\t\t\t\t\t<div class=\"elementor-icon-box-wrapper\">\n\n\t\t\t\t\t\t<div class=\"elementor-icon-box-icon\">\n\t\t\t\t<span  class=\"elementor-icon\">\n\t\t\t\t<svg aria-hidden=\"true\" class=\"e-font-icon-svg e-far-clock\" viewBox=\"0 0 512 512\" xmlns=\"http:\/\/www.w3.org\/2000\/svg\"><path d=\"M256 8C119 8 8 119 8 256s111 248 248 248 248-111 248-248S393 8 256 8zm0 448c-110.5 0-200-89.5-200-200S145.5 56 256 56s200 89.5 200 200-89.5 200-200 200zm61.8-104.4l-84.9-61.7c-3.1-2.3-4.9-5.9-4.9-9.7V116c0-6.6 5.4-12 12-12h32c6.6 0 12 5.4 12 12v141.7l66.8 48.6c5.4 3.9 6.5 11.4 2.6 16.8L334.6 349c-3.9 5.3-11.4 6.5-16.8 2.6z\"><\/path><\/svg>\t\t\t\t<\/span>\n\t\t\t<\/div>\n\t\t\t\n\t\t\t\t\t\t<div class=\"elementor-icon-box-content\">\n\n\t\t\t\t\t\t\t\t\t<h3 class=\"elementor-icon-box-title\">\n\t\t\t\t\t\t<span  >\n\t\t\t\t\t\t\tTiempo de Entrega\t\t\t\t\t\t<\/span>\n\t\t\t\t\t<\/h3>\n\t\t\t\t\n\t\t\t\t\t\t\t\t\t<p class=\"elementor-icon-box-description\">\n\t\t\t\t\t\tEl directorio se entregar\u00e1 <strong>en menos de 24 horas<\/strong>.\nCompra 100% segura.\t\t\t\t\t<\/p>\n\t\t\t\t\n\t\t\t<\/div>\n\t\t\t\n\t\t<\/div>\n\t\t\t\t\t\t<\/div>\n\t\t\t\t\t<\/div>\n\t\t<\/div>\n\t\t\t\t\t<\/div>\n\t\t<\/section>\n\t\t\t\t\t<\/div>\n\t\t<\/div>\n\t\t\t\t\t<\/div>\n\t\t<\/section>\n\t\t\t\t<section class=\"elementor-section elementor-top-section elementor-element elementor-element-a92ae9a elementor-section-boxed elementor-section-height-default elementor-section-height-default\" data-id=\"a92ae9a\" data-element_type=\"section\" data-e-type=\"section\">\n\t\t\t\t\t\t<div class=\"elementor-container elementor-column-gap-no\">\n\t\t\t\t\t<div class=\"elementor-column elementor-col-100 elementor-top-column elementor-element elementor-element-f31feab\" data-id=\"f31feab\" data-element_type=\"column\" data-e-type=\"column\">\n\t\t\t<div class=\"elementor-widget-wrap elementor-element-populated\">\n\t\t\t\t\t\t<div class=\"elementor-element elementor-element-5958920 elementor-widget elementor-widget-html\" data-id=\"5958920\" data-element_type=\"widget\" data-e-type=\"widget\" data-widget_type=\"html.default\">\n\t\t\t\t\t<!-- \/\/Contenidos --> \r\n\r\n<!-- INICIO SEO -->\r\n\r\n<div style=\"font-size:1pt; text-align:center; color:#fff\">Directorio internacional de empresas e informaci\u00f3n en varios sectores de actividad. Base de datos tecnologia. Bases de datos emails. Base de datos publicidad. Bases de datos telemarketing. Bases de Datos y Directorios Costa Rica. Base de datos empresarial Jamaica. directorios de empresas en Guatemala. bases de datos corporativos en Trinidad y Tobago. base de datos de empresas de industrias Venezuela. bases de datos de empresas y clientes potenciales Honduras. directorio telef\u00f3nico personas de Paraguay. base de correos electronicos Panam\u00e1. Directorios industriales de emails Paraguay. Directorios de empresas automotrices en Republica Dominicana. Base de datos para llamadas telef\u00f3nicas en Venezuela. comprar base de datos de empresas El Salvador. empresas de manufactura en Brasil. Base de datos marketing m\u00f3vil Honduras. Vendo base de datos de clientes Chile. Base de datos de emails Brasil. Base de datos de empresas automotrices en Rep\u00fablica Dominicana. base de datos de empresas nivel socioeconomico alto en Honduras. base de datos de email Bolivia. directorio de empresas automotrices Argentina. venta de base de datos para call center Jamaica. base de datos de nivel socioeconomico A Per\u00fa. bases de datos de empresas en Colombia. directorio de correos de empresas Belice. base de datos constructoras Guatemala. base de datos de industrias en Panam\u00e1. directorio de negocios Jamaica. base de correos electronicos Jamaica. Directorio de empresas de manufactura Guatemala. Base de datos empresas Per\u00fa. Base de datos de empresas automotrices en Puerto Rico. directorio de corporativos en El Salvador. base de datos de ventas El Salvador. Base de datos de empresas en Excel Panama.Bases de datos de emails Ecuador. bases de datos venta Venezuela. bases de datos segmentadas de Ecuador. Puerto rico mobile number database. Base de datos de empresas aaa en Guatemala.  Envia correos a tu base de datos de clientes de Argentina. base de datos de empresas con giro recursos humanos en Chile. Ecuador B2C y B2B email database. bases de datos para empresas Guatemala. Bases de datos directorio empresas Nicaragua. Colombia email leads database. Puerto Rico emails directory. Lista de correos electr\u00f3nicos de empresas y consumidores Costa Rica. Latam business database directory. Base de datos de correos electr\u00f3nicos Nicaragua. Canada email address lists. Bases de datos\u00a0de telemarketing Paraguay. Honduras email directories. Listas de correos electr\u00f3nicos de empresas y profesionales en Nicaragua. Nicaragua business email address lists. El Salvador B2B business directory. buy email address database Paraguay.  Paraguay B2B leads\u00a0database. Nicaragua consumer email addresses directory. Bases de datos de tomadores de decisi\u00f3n en empresas de Brasil, Gu\u00eda de empresas, servicios profesionales, la prensa y el gobierno de toda Am\u00e9rica latina. Peru phone number database. Mexican database company. Commercial Directory of El Salvador. Base de datos emails mexico. Canad\u00e1 manufacturing company databases. directory email companies Per\u00fa. Colombia B2B database providers. Venezuela email database provider. Paraguay consumer lists. Jamaica email marketing database. Ecuador m\u00f3vil database. Guatemala business directory.  Targeted email lists Guatemala. List of email databases Honduras. Databases of businesses & consumers in Bolivia. Nicaragua b2b data providers. Colombia big company directories Colombia company email addresses. Jamaica manufactory company database. Costa Rica targeted B2B email address directory. Costa Rica B2B leads database. Ecuador telemarketing list. Database marketing El Salvador. Email Database for Sale Brasil. Paraguay business executives email list. Costa Rica targeted prospecting email database. Brasil business contact directory. Base de datos empresa de tecnologia en mexico, Base de datos telemarketing, Base de datos distribuidor instrumento medico, Bases de datos de empresas exportadoras e importadoras. Databases of automotive companies in Chile. Uruguay B2B contact database provider. Ecuador HR managers database. Nicaragua direct marketing database. Buy targeted mailing lists to reach businesses and consumers Chile. Chile business email database. Rio de Janeiro Telemarketing databases. database email campaigns Colombia. Rio de Janeiro company directory. Base de datos medicos mexico. Directorio internacional de empresas por sectores y productos. Base de datos doctores. Bases de datos estad\u00edsticas e Indicadores de Am\u00e9rica Latina. Base de datos constructora.<\/div>\r\n\r\n<!-- FIN SEO -->\t\t\t\t<\/div>\n\t\t\t\t\t<\/div>\n\t\t<\/div>\n\t\t\t\t\t<\/div>\n\t\t<\/section>\n\t\t\t\t<\/div>\n\t\t","protected":false},"excerpt":{"rendered":"<p>Forma de Pago Forma de Entrega * El directorio se entregar\u00e1 v\u00eda Email * Viene adjunto en un archivo Excel * Contiene contrase\u00f1a que solamente se entregar\u00e1 al responsable de la misma para su seguridad Forma de Pago Realiza tu pago directamente en PayPal ingresando el Precio y # de Folio o C\u00f3digo del directorio&#8230;<\/p>\n","protected":false},"author":1,"featured_media":0,"parent":0,"menu_order":0,"comment_status":"closed","ping_status":"closed","template":"","meta":{"_bst_post_transparent":"","_bst_post_title":"hide","_bst_post_layout":"fullwidth","_bst_post_sidebar_id":"","_bst_post_content_style":"unboxed","_bst_post_vertical_padding":"hide","_bst_post_feature":"hide","_bst_post_feature_position":"","_bst_post_header":false,"_bst_post_footer":false,"footnotes":""},"class_list":["post-30887","page","type-page","status-publish","hentry"],"aioseo_notices":[],"_links":{"self":[{"href":"https:\/\/edirectorios.com.mx\/directorios-latinoamerica\/wp-json\/wp\/v2\/pages\/30887","targetHints":{"allow":["GET"]}}],"collection":[{"href":"https:\/\/edirectorios.com.mx\/directorios-latinoamerica\/wp-json\/wp\/v2\/pages"}],"about":[{"href":"https:\/\/edirectorios.com.mx\/directorios-latinoamerica\/wp-json\/wp\/v2\/types\/page"}],"author":[{"embeddable":true,"href":"https:\/\/edirectorios.com.mx\/directorios-latinoamerica\/wp-json\/wp\/v2\/users\/1"}],"replies":[{"embeddable":true,"href":"https:\/\/edirectorios.com.mx\/directorios-latinoamerica\/wp-json\/wp\/v2\/comments?post=30887"}],"version-history":[{"count":22,"href":"https:\/\/edirectorios.com.mx\/directorios-latinoamerica\/wp-json\/wp\/v2\/pages\/30887\/revisions"}],"predecessor-version":[{"id":36936,"href":"https:\/\/edirectorios.com.mx\/directorios-latinoamerica\/wp-json\/wp\/v2\/pages\/30887\/revisions\/36936"}],"wp:attachment":[{"href":"https:\/\/edirectorios.com.mx\/directorios-latinoamerica\/wp-json\/wp\/v2\/media?parent=30887"}],"curies":[{"name":"wp","href":"https:\/\/api.w.org\/{rel}","templated":true}]}}