{"id":30883,"date":"2025-12-04T22:49:15","date_gmt":"2025-12-04T22:49:15","guid":{"rendered":"https:\/\/edirectorios.com.mx\/directorios-latinoamerica\/?page_id=30883"},"modified":"2026-02-06T17:36:45","modified_gmt":"2026-02-06T17:36:45","slug":"venta-por-volumen","status":"publish","type":"page","link":"https:\/\/edirectorios.com.mx\/directorios-latinoamerica\/venta-por-volumen\/","title":{"rendered":"Venta por volumen"},"content":{"rendered":"\t\t<div data-elementor-type=\"wp-page\" data-elementor-id=\"30883\" class=\"elementor elementor-30883\">\n\t\t\t\t\t\t<section class=\"elementor-section elementor-top-section elementor-element elementor-element-fc2d472 elementor-section-boxed elementor-section-height-default elementor-section-height-default\" data-id=\"fc2d472\" data-element_type=\"section\" data-e-type=\"section\" data-settings=\"{&quot;background_background&quot;:&quot;classic&quot;}\">\n\t\t\t\t\t\t<div class=\"elementor-container elementor-column-gap-no\">\n\t\t\t\t\t<div class=\"elementor-column elementor-col-100 elementor-top-column elementor-element elementor-element-96e80f5\" data-id=\"96e80f5\" data-element_type=\"column\" data-e-type=\"column\">\n\t\t\t<div class=\"elementor-widget-wrap elementor-element-populated\">\n\t\t\t\t\t\t<section class=\"elementor-section elementor-inner-section elementor-element elementor-element-b2e8b1b elementor-section-boxed elementor-section-height-default elementor-section-height-default\" data-id=\"b2e8b1b\" data-element_type=\"section\" data-e-type=\"section\">\n\t\t\t\t\t\t<div class=\"elementor-container elementor-column-gap-no\">\n\t\t\t\t\t<div class=\"elementor-column elementor-col-100 elementor-inner-column elementor-element elementor-element-c73cdbc\" data-id=\"c73cdbc\" data-element_type=\"column\" data-e-type=\"column\">\n\t\t\t<div class=\"elementor-widget-wrap elementor-element-populated\">\n\t\t\t\t\t\t<div class=\"elementor-element elementor-element-e470db2 elementor-widget elementor-widget-heading\" data-id=\"e470db2\" data-element_type=\"widget\" data-e-type=\"widget\" data-widget_type=\"heading.default\">\n\t\t\t\t\t<h1 class=\"elementor-heading-title elementor-size-default\">Venta por volumen<\/h1>\t\t\t\t<\/div>\n\t\t\t\t<div class=\"elementor-element elementor-element-10df16c elementor-widget elementor-widget-heading\" data-id=\"10df16c\" data-element_type=\"widget\" data-e-type=\"widget\" data-widget_type=\"heading.default\">\n\t\t\t\t\t<h2 class=\"elementor-heading-title elementor-size-default\">\u00bfNecesitas Comprar por Volumen?<\/h2>\t\t\t\t<\/div>\n\t\t\t\t\t<\/div>\n\t\t<\/div>\n\t\t\t\t\t<\/div>\n\t\t<\/section>\n\t\t\t\t\t<\/div>\n\t\t<\/div>\n\t\t\t\t\t<\/div>\n\t\t<\/section>\n\t\t\t\t<section class=\"elementor-section elementor-top-section elementor-element elementor-element-909b149 elementor-section-boxed elementor-section-height-default elementor-section-height-default\" data-id=\"909b149\" data-element_type=\"section\" data-e-type=\"section\" data-settings=\"{&quot;background_background&quot;:&quot;classic&quot;}\">\n\t\t\t\t\t\t<div class=\"elementor-container elementor-column-gap-no\">\n\t\t\t\t\t<div class=\"elementor-column elementor-col-100 elementor-top-column elementor-element elementor-element-8924a59\" data-id=\"8924a59\" data-element_type=\"column\" data-e-type=\"column\">\n\t\t\t<div class=\"elementor-widget-wrap elementor-element-populated\">\n\t\t\t\t\t\t<section class=\"elementor-section elementor-inner-section elementor-element elementor-element-ccf2f3a elementor-section-boxed elementor-section-height-default elementor-section-height-default\" data-id=\"ccf2f3a\" data-element_type=\"section\" data-e-type=\"section\">\n\t\t\t\t\t\t<div class=\"elementor-container elementor-column-gap-no\">\n\t\t\t\t\t<div class=\"elementor-column elementor-col-100 elementor-inner-column elementor-element elementor-element-e543374\" data-id=\"e543374\" data-element_type=\"column\" data-e-type=\"column\">\n\t\t\t<div class=\"elementor-widget-wrap elementor-element-populated\">\n\t\t\t\t\t\t<div class=\"elementor-element elementor-element-aca2fb9 elementor-widget elementor-widget-text-editor\" data-id=\"aca2fb9\" data-element_type=\"widget\" data-e-type=\"widget\" data-widget_type=\"text-editor.default\">\n\t\t\t\t\t\t\t\t\t<strong>Disponemos actualmente con m\u00e1s de 50 millones de registros a nivel nacional e internacional<\/strong>, datos que en alg\u00fan momento estuvieron depurados y actualizados constantemente; de personas f\u00edsicas, segmentados por nivel socioecon\u00f3mico, edad, sexo, profesi\u00f3n, etc. As\u00ed como bases empresariales segmentadas por giro, tama\u00f1o de empresa, rango de ventas anual, rango de trabajadores, tomadores de decisi\u00f3n, etc.\t\t\t\t\t\t\t\t<\/div>\n\t\t\t\t<div class=\"elementor-element elementor-element-015e704 elementor-widget elementor-widget-heading\" data-id=\"015e704\" data-element_type=\"widget\" data-e-type=\"widget\" data-widget_type=\"heading.default\">\n\t\t\t\t\t<h2 class=\"elementor-heading-title elementor-size-default\">Elige de entre nuestros PAQUETES ESPECIALES y obt\u00e9n el mejor precio en el mercado.<\/h2>\t\t\t\t<\/div>\n\t\t\t\t\t<\/div>\n\t\t<\/div>\n\t\t\t\t\t<\/div>\n\t\t<\/section>\n\t\t\t\t\t<\/div>\n\t\t<\/div>\n\t\t\t\t\t<\/div>\n\t\t<\/section>\n\t\t\t\t<section class=\"elementor-section elementor-top-section elementor-element elementor-element-d67d322 elementor-section-boxed elementor-section-height-default elementor-section-height-default\" data-id=\"d67d322\" data-element_type=\"section\" data-e-type=\"section\" data-settings=\"{&quot;background_background&quot;:&quot;classic&quot;}\">\n\t\t\t\t\t\t<div class=\"elementor-container elementor-column-gap-no\">\n\t\t\t\t\t<div class=\"elementor-column elementor-col-100 elementor-top-column elementor-element elementor-element-419bcb6\" data-id=\"419bcb6\" data-element_type=\"column\" data-e-type=\"column\">\n\t\t\t<div class=\"elementor-widget-wrap elementor-element-populated\">\n\t\t\t\t\t\t<section class=\"elementor-section elementor-inner-section elementor-element elementor-element-0605c92 elementor-section-boxed elementor-section-height-default elementor-section-height-default\" data-id=\"0605c92\" data-element_type=\"section\" data-e-type=\"section\">\n\t\t\t\t\t\t<div class=\"elementor-container elementor-column-gap-no\">\n\t\t\t\t\t<div class=\"elementor-column elementor-col-100 elementor-inner-column elementor-element elementor-element-0f3f029\" data-id=\"0f3f029\" data-element_type=\"column\" data-e-type=\"column\">\n\t\t\t<div class=\"elementor-widget-wrap elementor-element-populated\">\n\t\t\t\t\t\t<div class=\"elementor-element elementor-element-aecb61b elementor-widget elementor-widget-heading\" data-id=\"aecb61b\" data-element_type=\"widget\" data-e-type=\"widget\" data-widget_type=\"heading.default\">\n\t\t\t\t\t<h2 class=\"elementor-heading-title elementor-size-default\">Paquetes de Bases de Datos Empresariales<\/h2>\t\t\t\t<\/div>\n\t\t\t\t<div class=\"elementor-element elementor-element-0b1df5b elementor-widget-divider--view-line elementor-widget elementor-widget-divider\" data-id=\"0b1df5b\" data-element_type=\"widget\" data-e-type=\"widget\" data-widget_type=\"divider.default\">\n\t\t\t\t\t\t\t<div class=\"elementor-divider\">\n\t\t\t<span class=\"elementor-divider-separator\">\n\t\t\t\t\t\t<\/span>\n\t\t<\/div>\n\t\t\t\t\t\t<\/div>\n\t\t\t\t\t<\/div>\n\t\t<\/div>\n\t\t\t\t\t<\/div>\n\t\t<\/section>\n\t\t\t\t<section class=\"elementor-section elementor-inner-section elementor-element elementor-element-235ba80 elementor-section-boxed elementor-section-height-default elementor-section-height-default\" data-id=\"235ba80\" data-element_type=\"section\" data-e-type=\"section\">\n\t\t\t\t\t\t<div class=\"elementor-container elementor-column-gap-no\">\n\t\t\t\t\t<div class=\"elementor-column elementor-col-33 elementor-inner-column elementor-element elementor-element-772bb2c\" data-id=\"772bb2c\" data-element_type=\"column\" data-e-type=\"column\">\n\t\t\t<div class=\"elementor-widget-wrap\">\n\t\t\t\t\t\t\t<\/div>\n\t\t<\/div>\n\t\t\t\t<div class=\"elementor-column elementor-col-33 elementor-inner-column elementor-element elementor-element-df096e6\" data-id=\"df096e6\" data-element_type=\"column\" data-e-type=\"column\">\n\t\t\t<div class=\"elementor-widget-wrap elementor-element-populated\">\n\t\t\t\t\t\t<div class=\"elementor-element elementor-element-d9b49ca elementor-widget elementor-widget-html\" data-id=\"d9b49ca\" data-element_type=\"widget\" data-e-type=\"widget\" data-widget_type=\"html.default\">\n\t\t\t\t\t<table  class=\"table table-striped table-hover\" style=\"overflow: auto\">\r\n\r\n  <tr>\r\n\r\n    <th style=\"background-color:#FFD200; color:#000;\">REGISTROS<\/th>\r\n\r\n    <th style=\"background-color:#FFD200; color:#000;\">COSTO<\/th>\r\n\r\n    <th style=\"background-color:#FFD200;\"><\/th>\r\n\r\n  <\/tr>\r\n\r\n  <tr>\r\n\r\n    <td><b>181,024<\/b> Correos electr\u00f3nicos de empresas de M\u00e9xico tiene un costo de:<\/td>\r\n\r\n    <td>$2,233 USD<\/td>\r\n\r\n    <td><a href=\"https:\/\/www.paypal.com\/cgi-bin\/webscr?cmd=_s-xclick&hosted_button_id=8JEZ5GWFQUXT4\"><img decoding=\"async\" src=\"https:\/\/www.paypalobjects.com\/marketing\/web\/mx\/logos-buttons\/Paga-con_227x44.png\" alt=\"Check out with PayPal\" \/><\/a><\/td>\r\n\r\n  <\/tr>\r\n\r\n  <tr>\r\n\r\n    <td><b>903, 278<\/b> Correos electr\u00f3nicos de empresas de M\u00e9xico tiene un costo de:<\/td>\r\n\r\n    <td>$4,060 USD<\/td>\r\n\r\n    <td><a href=\"https:\/\/www.paypal.com\/cgi-bin\/webscr?cmd=_s-xclick&hosted_button_id=5JSM2RVBMSSM4\" title=\"Compra aqu\u00ed\" onclick=\"#\"><img decoding=\"async\" src=\"https:\/\/www.paypalobjects.com\/marketing\/web\/mx\/logos-buttons\/Paga-con_227x44.png\" alt=\"Check out with PayPal\" \/><\/a><\/td>\r\n\r\n  <\/tr>\r\n\r\n  <tr>\r\n\r\n    <td><b>7,255,461<\/b> Correos electr\u00f3nicos de empresas de M\u00e9xico<br> + <b>40,864<\/b> registros con campos completos* de empresas de M\u00e9xico tiene un costo de:<\/td>\r\n\r\n    <td>$5,568 USD<\/td>\r\n\r\n    <td><a href=\"https:\/\/www.paypal.com\/cgi-bin\/webscr?cmd=_s-xclick&hosted_button_id=WZ5WJ4B8VDHL8\" title=\"Compra aqu\u00ed\" onclick=\"#\"><img decoding=\"async\" src=\"https:\/\/www.paypalobjects.com\/marketing\/web\/mx\/logos-buttons\/Paga-con_227x44.png\" alt=\"Check out with PayPal\" \/><\/a><\/td>\r\n\r\n  <\/tr>\r\n<tr>\r\n\r\n    <td><b>9,854,840<\/b> Correos electr\u00f3nicos de empresas de M\u00e9xico tiene un costo de<\/td>\r\n\r\n    <td>$8,004 USD<\/td>\r\n\r\n    <td><a href=\"https:\/\/www.paypal.com\/cgi-bin\/webscr?cmd=_s-xclick&hosted_button_id=T883MM4LQTNLE\" title=\"Compra aqu\u00ed\" onclick=\"#\"><img decoding=\"async\" src=\"https:\/\/www.paypalobjects.com\/marketing\/web\/mx\/logos-buttons\/Paga-con_227x44.png\" alt=\"Check out with PayPal\" \/><\/a><\/td>\r\n\r\n  <\/tr>\r\n<tr>\r\n\r\n    <td><b>7,160,949<\/b> Correos electr\u00f3nicos de empresas <br>+ <b>40,864<\/b> registros con campos completos* de empresas de M\u00e9xico tiene un costo de:<\/td>\r\n\r\n    <td>$9,048 USD<\/td>\r\n\r\n    <td><a href=\"https:\/\/www.paypal.com\/cgi-bin\/webscr?cmd=_s-xclick&hosted_button_id=3FG94N2QC33PQ\" title=\"Compra aqu\u00ed\" onclick=\"#\"><img decoding=\"async\" src=\"https:\/\/www.paypalobjects.com\/marketing\/web\/mx\/logos-buttons\/Paga-con_227x44.png\" alt=\"Check out with PayPal\" \/><\/a><\/td>\r\n\r\n  <\/tr>\r\n<tr>\r\n\r\n    <td colspan=\"3\" style=\"background-color:#FFD200;\">\r\n<\/td>\r\n  <\/tr>\r\n<tr>\r\n\r\n    <td colspan=\"3\" style=\"background-color:#000; color:#fff\">Campos completos* Puede incluir informaci\u00f3n adicional al correo, por ejemplo: tel\u00e9fono, nombre de la persona, direcci\u00f3n, etc.<br>Estos paquetes no cuentan con garant\u00eda una vez hecha la compra.\r\n<\/td>\r\n  <\/tr>\r\n<\/table>\t\t\t\t<\/div>\n\t\t\t\t\t<\/div>\n\t\t<\/div>\n\t\t\t\t<div class=\"elementor-column elementor-col-33 elementor-inner-column elementor-element elementor-element-191329b\" data-id=\"191329b\" data-element_type=\"column\" data-e-type=\"column\">\n\t\t\t<div class=\"elementor-widget-wrap\">\n\t\t\t\t\t\t\t<\/div>\n\t\t<\/div>\n\t\t\t\t\t<\/div>\n\t\t<\/section>\n\t\t\t\t\t<\/div>\n\t\t<\/div>\n\t\t\t\t\t<\/div>\n\t\t<\/section>\n\t\t\t\t<section class=\"elementor-section elementor-top-section elementor-element elementor-element-9668d6e elementor-section-boxed elementor-section-height-default elementor-section-height-default\" data-id=\"9668d6e\" data-element_type=\"section\" data-e-type=\"section\" data-settings=\"{&quot;background_background&quot;:&quot;classic&quot;}\">\n\t\t\t\t\t\t<div class=\"elementor-container elementor-column-gap-no\">\n\t\t\t\t\t<div class=\"elementor-column elementor-col-100 elementor-top-column elementor-element elementor-element-ea8779b\" data-id=\"ea8779b\" data-element_type=\"column\" data-e-type=\"column\">\n\t\t\t<div class=\"elementor-widget-wrap elementor-element-populated\">\n\t\t\t\t\t\t<section class=\"elementor-section elementor-inner-section elementor-element elementor-element-969305d elementor-section-boxed elementor-section-height-default elementor-section-height-default\" data-id=\"969305d\" data-element_type=\"section\" data-e-type=\"section\">\n\t\t\t\t\t\t<div class=\"elementor-container elementor-column-gap-no\">\n\t\t\t\t\t<div class=\"elementor-column elementor-col-100 elementor-inner-column elementor-element elementor-element-20b736b\" data-id=\"20b736b\" data-element_type=\"column\" data-e-type=\"column\">\n\t\t\t<div class=\"elementor-widget-wrap elementor-element-populated\">\n\t\t\t\t\t\t<div class=\"elementor-element elementor-element-0f60f37 elementor-widget elementor-widget-heading\" data-id=\"0f60f37\" data-element_type=\"widget\" data-e-type=\"widget\" data-widget_type=\"heading.default\">\n\t\t\t\t\t<h2 class=\"elementor-heading-title elementor-size-default\">Paquetes de Bases de Datos de Consumidores<\/h2>\t\t\t\t<\/div>\n\t\t\t\t<div class=\"elementor-element elementor-element-8c7eab4 elementor-widget-divider--view-line elementor-widget elementor-widget-divider\" data-id=\"8c7eab4\" data-element_type=\"widget\" data-e-type=\"widget\" data-widget_type=\"divider.default\">\n\t\t\t\t\t\t\t<div class=\"elementor-divider\">\n\t\t\t<span class=\"elementor-divider-separator\">\n\t\t\t\t\t\t<\/span>\n\t\t<\/div>\n\t\t\t\t\t\t<\/div>\n\t\t\t\t\t<\/div>\n\t\t<\/div>\n\t\t\t\t\t<\/div>\n\t\t<\/section>\n\t\t\t\t<section class=\"elementor-section elementor-inner-section elementor-element elementor-element-f25a88e elementor-section-boxed elementor-section-height-default elementor-section-height-default\" data-id=\"f25a88e\" data-element_type=\"section\" data-e-type=\"section\">\n\t\t\t\t\t\t<div class=\"elementor-container elementor-column-gap-no\">\n\t\t\t\t\t<div class=\"elementor-column elementor-col-33 elementor-inner-column elementor-element elementor-element-d23d075\" data-id=\"d23d075\" data-element_type=\"column\" data-e-type=\"column\">\n\t\t\t<div class=\"elementor-widget-wrap\">\n\t\t\t\t\t\t\t<\/div>\n\t\t<\/div>\n\t\t\t\t<div class=\"elementor-column elementor-col-33 elementor-inner-column elementor-element elementor-element-60705a8\" data-id=\"60705a8\" data-element_type=\"column\" data-e-type=\"column\">\n\t\t\t<div class=\"elementor-widget-wrap elementor-element-populated\">\n\t\t\t\t\t\t<div class=\"elementor-element elementor-element-73ac295 elementor-widget elementor-widget-html\" data-id=\"73ac295\" data-element_type=\"widget\" data-e-type=\"widget\" data-widget_type=\"html.default\">\n\t\t\t\t\t<table  class=\"table table-striped table-hover\">\r\n\r\n  <tr>\r\n\r\n    <th style=\"background-color:#FFD200; color:#000;\">REGISTROS<\/th>\r\n\r\n    <th style=\"background-color:#FFD200; color:#000;\">COSTO<\/th>\r\n\r\n    <th style=\"background-color:#FFD200;\"><\/th>\r\n\r\n  <\/tr>\r\n\r\n  <tr>\r\n\r\n    <td><b>19\u2019804,983<\/b> Correos electr\u00f3nicos de consumidores de M\u00e9xico tiene un costo de:<\/td>\r\n\r\n    <td>$2,175 USD<\/td>\r\n\r\n    <td><a  href=\"https:\/\/www.paypal.com\/cgi-bin\/webscr?cmd=_s-xclick&hosted_button_id=6UHKY7MN2SXPE\" title=\"Compra aqu\u00ed\" onclick=\"#\"><img decoding=\"async\" src=\"https:\/\/www.paypalobjects.com\/marketing\/web\/mx\/logos-buttons\/Paga-con_227x44.png\" alt=\"Check out with PayPal\" \/><\/a><\/td>\r\n\r\n  <\/tr>\r\n\r\n  <tr>\r\n\r\n    <td><b>56,267,755<\/b> Correos electr\u00f3nicos de consumidores de M\u00e9xico tiene un costo de:<\/td>\r\n\r\n    <td>$2,233 USD<\/td>\r\n\r\n    <td><a href=\"https:\/\/www.paypal.com\/cgi-bin\/webscr?cmd=_s-xclick&hosted_button_id=35BQXEGHLDRF8\" title=\"Compra aqu\u00ed\" onclick=\"#\"><img decoding=\"async\" class=\"vc_single_image-img attachment-full\" src=\"https:\/\/www.paypalobjects.com\/marketing\/web\/mx\/logos-buttons\/Paga-con_227x44.png\" alt=\"Check out with PayPal\" \/><\/a><\/td>\r\n\r\n  <\/tr>\r\n\r\n  <tr>\r\n\r\n    <td><b>27,937,570<\/b> Correos electr\u00f3nicos de consumidores de M\u00e9xico tiene un costo de:<\/td>\r\n\r\n    <td>$4,292 USD<\/td>\r\n\r\n    <td><a href=\"https:\/\/www.paypal.com\/cgi-bin\/webscr?cmd=_s-xclick&hosted_button_id=MZCFC4NGJBS4C\" title=\"Compra aqu\u00ed\" onclick=\"#\"><img decoding=\"async\" src=\"https:\/\/www.paypalobjects.com\/marketing\/web\/mx\/logos-buttons\/Paga-con_227x44.png\" alt=\"Check out with PayPal\" \/><\/a><\/td>\r\n\r\n  <\/tr>\r\n<tr>\r\n\r\n    <td><b>26,557,186<\/b> Correos electr\u00f3nicos de consumidores de M\u00e9xico<br>+ <b>16,648<\/b> registros con campos completos*de consumidores de M\u00e9xico tiene un costo de:<\/td>\r\n\r\n    <td>$5,684 USD<\/td>\r\n\r\n    <td><a href=\"https:\/\/www.paypal.com\/cgi-bin\/webscr?cmd=_s-xclick&hosted_button_id=Y5PBLH76BJAB4\" title=\"Compra aqu\u00ed\" onclick=\"#\"><img decoding=\"async\" src=\"https:\/\/www.paypalobjects.com\/marketing\/web\/mx\/logos-buttons\/Paga-con_227x44.png\" alt=\"Check out with PayPal\" \/><\/a><\/td>\r\n\r\n  <\/tr>\r\n<tr>\r\n\r\n    <td><b>56,297,755<\/b> Correos electr\u00f3nicos de consumidores de M\u00e9xico<br>+ <b>16,648<\/b> registros con campos completos* de consumidores de M\u00e9xico tiene un costo de:<\/td>\r\n\r\n    <td>$9,744 USD<\/td>\r\n\r\n    <td><a href=\"https:\/\/www.paypal.com\/cgi-bin\/webscr?cmd=_s-xclick&hosted_button_id=ZSKVA24E2FZ3Q\" title=\"Compra aqu\u00ed\" onclick=\"#\"><img decoding=\"async\" src=\"https:\/\/www.paypalobjects.com\/marketing\/web\/mx\/logos-buttons\/Paga-con_227x44.png\" alt=\"Check out with PayPal\" \/><\/a><\/td>\r\n\r\n  <\/tr>\r\n<tr>\r\n\r\n    <td colspan=\"3\" style=\"background-color:#FFD200;\">\r\n<\/td>\r\n  <\/tr>\r\n<tr>\r\n\r\n    <td colspan=\"3\" style=\"background-color:#000; color:#fff\">Campos completos* Puede incluir informaci\u00f3n adicional al correo, por ejemplo: tel\u00e9fono, nombre de la persona, direcci\u00f3n, etc.<br>Estos paquetes no cuentan con garant\u00eda una vez hecha la compra.\r\n<\/td>\r\n  <\/tr>\r\n<\/table>\t\t\t\t<\/div>\n\t\t\t\t\t<\/div>\n\t\t<\/div>\n\t\t\t\t<div class=\"elementor-column elementor-col-33 elementor-inner-column elementor-element elementor-element-e73cc30\" data-id=\"e73cc30\" data-element_type=\"column\" data-e-type=\"column\">\n\t\t\t<div class=\"elementor-widget-wrap\">\n\t\t\t\t\t\t\t<\/div>\n\t\t<\/div>\n\t\t\t\t\t<\/div>\n\t\t<\/section>\n\t\t\t\t\t<\/div>\n\t\t<\/div>\n\t\t\t\t\t<\/div>\n\t\t<\/section>\n\t\t\t\t<section class=\"elementor-section elementor-top-section elementor-element elementor-element-413fffe elementor-section-boxed elementor-section-height-default elementor-section-height-default\" data-id=\"413fffe\" data-element_type=\"section\" data-e-type=\"section\" data-settings=\"{&quot;background_background&quot;:&quot;classic&quot;}\">\n\t\t\t\t\t\t<div class=\"elementor-container elementor-column-gap-no\">\n\t\t\t\t\t<div class=\"elementor-column elementor-col-100 elementor-top-column elementor-element elementor-element-ba9a2f5\" data-id=\"ba9a2f5\" data-element_type=\"column\" data-e-type=\"column\">\n\t\t\t<div class=\"elementor-widget-wrap elementor-element-populated\">\n\t\t\t\t\t\t<section class=\"elementor-section elementor-inner-section elementor-element elementor-element-e1ab063 elementor-section-boxed elementor-section-height-default elementor-section-height-default\" data-id=\"e1ab063\" data-element_type=\"section\" data-e-type=\"section\">\n\t\t\t\t\t\t<div class=\"elementor-container elementor-column-gap-no\">\n\t\t\t\t\t<div class=\"elementor-column elementor-col-100 elementor-inner-column elementor-element elementor-element-491b622\" data-id=\"491b622\" data-element_type=\"column\" data-e-type=\"column\">\n\t\t\t<div class=\"elementor-widget-wrap elementor-element-populated\">\n\t\t\t\t\t\t<div class=\"elementor-element elementor-element-2d8b470 elementor-widget elementor-widget-heading\" data-id=\"2d8b470\" data-element_type=\"widget\" data-e-type=\"widget\" data-widget_type=\"heading.default\">\n\t\t\t\t\t<h2 class=\"elementor-heading-title elementor-size-default\">Paquete de Bases de Datos de CENTRO Y SUR AM\u00c9RICA<\/h2>\t\t\t\t<\/div>\n\t\t\t\t<div class=\"elementor-element elementor-element-d2c2f56 elementor-widget-divider--view-line elementor-widget elementor-widget-divider\" data-id=\"d2c2f56\" data-element_type=\"widget\" data-e-type=\"widget\" data-widget_type=\"divider.default\">\n\t\t\t\t\t\t\t<div class=\"elementor-divider\">\n\t\t\t<span class=\"elementor-divider-separator\">\n\t\t\t\t\t\t<\/span>\n\t\t<\/div>\n\t\t\t\t\t\t<\/div>\n\t\t\t\t\t<\/div>\n\t\t<\/div>\n\t\t\t\t\t<\/div>\n\t\t<\/section>\n\t\t\t\t<section class=\"elementor-section elementor-inner-section elementor-element elementor-element-2aab3ba elementor-section-boxed elementor-section-height-default elementor-section-height-default\" data-id=\"2aab3ba\" data-element_type=\"section\" data-e-type=\"section\">\n\t\t\t\t\t\t<div class=\"elementor-container elementor-column-gap-no\">\n\t\t\t\t\t<div class=\"elementor-column elementor-col-33 elementor-inner-column elementor-element elementor-element-32787f9\" data-id=\"32787f9\" data-element_type=\"column\" data-e-type=\"column\">\n\t\t\t<div class=\"elementor-widget-wrap\">\n\t\t\t\t\t\t\t<\/div>\n\t\t<\/div>\n\t\t\t\t<div class=\"elementor-column elementor-col-33 elementor-inner-column elementor-element elementor-element-0f4faa2\" data-id=\"0f4faa2\" data-element_type=\"column\" data-e-type=\"column\">\n\t\t\t<div class=\"elementor-widget-wrap elementor-element-populated\">\n\t\t\t\t\t\t<div class=\"elementor-element elementor-element-3f9a0ae elementor-widget elementor-widget-html\" data-id=\"3f9a0ae\" data-element_type=\"widget\" data-e-type=\"widget\" data-widget_type=\"html.default\">\n\t\t\t\t\t<table  class=\"table table-striped table-hover\">\r\n\r\n  <tr>\r\n\r\n    <th style=\"background-color:#FFD200; color:#000;\">REGISTROS<\/th>\r\n\r\n    <th style=\"background-color:#FFD200; color:#000;\">COSTO<\/th>\r\n\r\n    <th style=\"background-color:#FFD200;\"><\/th>\r\n\r\n  <\/tr>\r\n\r\n  <tr>\r\n\r\n    <td>M\u00e1s de <b>30 Millones de correos electr\u00f3nicos empresariales y <\/br>de consumidores finales<\/b> adem\u00e1s <b>200 Mil registros con mayor <\/br>informaci\u00f3n.<\/b> (Empresa, Contacto, Email, Tel\u00e9fono, Tama\u00f1o, Direcci\u00f3n, etc.)<\/td>\r\n\r\n    <td>$2,144 USD<\/td>\r\n\r\n    <td><a  href=\"https:\/\/www.paypal.com\/cgi-bin\/webscr?cmd=_s-xclick&hosted_button_id=SMAN7FCSF7A56\" title=\"Compra aqu\u00ed\" onclick=\"#\"><img decoding=\"async\" src=\"https:\/\/www.paypalobjects.com\/marketing\/web\/mx\/logos-buttons\/Paga-con_227x44.png\" alt=\"Check out with PayPal\" \/><\/a><\/td>\r\n\r\n  <\/tr>\r\n<tr>\r\n\r\n    <td colspan=\"3\" style=\"background-color:#FFD200;\">\r\n<\/td>\r\n  <\/tr>\r\n<tr>\r\n\r\n    <td colspan=\"3\" style=\"background-color:#000; color:#fff\">Campos completos* Puede incluir informaci\u00f3n adicional al correo, por ejemplo: tel\u00e9fono, nombre de la persona, direcci\u00f3n, etc.<br>Estos paquetes no cuentan con garant\u00eda una vez hecha la compra.\r\n<\/td>\r\n  <\/tr>\r\n  \r\n<\/table>\t\t\t\t<\/div>\n\t\t\t\t\t<\/div>\n\t\t<\/div>\n\t\t\t\t<div class=\"elementor-column elementor-col-33 elementor-inner-column elementor-element elementor-element-e015f8e\" data-id=\"e015f8e\" data-element_type=\"column\" data-e-type=\"column\">\n\t\t\t<div class=\"elementor-widget-wrap\">\n\t\t\t\t\t\t\t<\/div>\n\t\t<\/div>\n\t\t\t\t\t<\/div>\n\t\t<\/section>\n\t\t\t\t\t<\/div>\n\t\t<\/div>\n\t\t\t\t\t<\/div>\n\t\t<\/section>\n\t\t\t\t<\/div>\n\t\t","protected":false},"excerpt":{"rendered":"<p>Venta por volumen \u00bfNecesitas Comprar por Volumen? Disponemos actualmente con m\u00e1s de 50 millones de registros a nivel nacional e internacional, datos que en alg\u00fan momento estuvieron depurados y actualizados constantemente; de personas f\u00edsicas, segmentados por nivel socioecon\u00f3mico, edad, sexo, profesi\u00f3n, etc. As\u00ed como bases empresariales segmentadas por giro, tama\u00f1o de empresa, rango de ventas&#8230;<\/p>\n","protected":false},"author":1,"featured_media":0,"parent":0,"menu_order":0,"comment_status":"closed","ping_status":"closed","template":"","meta":{"_bst_post_transparent":"","_bst_post_title":"hide","_bst_post_layout":"fullwidth","_bst_post_sidebar_id":"","_bst_post_content_style":"unboxed","_bst_post_vertical_padding":"hide","_bst_post_feature":"hide","_bst_post_feature_position":"","_bst_post_header":false,"_bst_post_footer":false,"footnotes":""},"class_list":["post-30883","page","type-page","status-publish","hentry"],"aioseo_notices":[],"_links":{"self":[{"href":"https:\/\/edirectorios.com.mx\/directorios-latinoamerica\/wp-json\/wp\/v2\/pages\/30883","targetHints":{"allow":["GET"]}}],"collection":[{"href":"https:\/\/edirectorios.com.mx\/directorios-latinoamerica\/wp-json\/wp\/v2\/pages"}],"about":[{"href":"https:\/\/edirectorios.com.mx\/directorios-latinoamerica\/wp-json\/wp\/v2\/types\/page"}],"author":[{"embeddable":true,"href":"https:\/\/edirectorios.com.mx\/directorios-latinoamerica\/wp-json\/wp\/v2\/users\/1"}],"replies":[{"embeddable":true,"href":"https:\/\/edirectorios.com.mx\/directorios-latinoamerica\/wp-json\/wp\/v2\/comments?post=30883"}],"version-history":[{"count":25,"href":"https:\/\/edirectorios.com.mx\/directorios-latinoamerica\/wp-json\/wp\/v2\/pages\/30883\/revisions"}],"predecessor-version":[{"id":36996,"href":"https:\/\/edirectorios.com.mx\/directorios-latinoamerica\/wp-json\/wp\/v2\/pages\/30883\/revisions\/36996"}],"wp:attachment":[{"href":"https:\/\/edirectorios.com.mx\/directorios-latinoamerica\/wp-json\/wp\/v2\/media?parent=30883"}],"curies":[{"name":"wp","href":"https:\/\/api.w.org\/{rel}","templated":true}]}}