{"id":25,"date":"2024-02-14T00:00:00","date_gmt":"2023-02-14T16:40:09","guid":{"rendered":"https:\/\/wordpressthemes.live\/WCG4\/WCM92_firezy\/autoparts\/?page_id=25"},"modified":"2026-02-06T17:21:21","modified_gmt":"2026-02-06T17:21:21","slug":"nosotros","status":"publish","type":"page","link":"https:\/\/edirectorios.com.mx\/directorios-latinoamerica\/nosotros\/","title":{"rendered":"Nosotros"},"content":{"rendered":"\t\t<div data-elementor-type=\"wp-page\" data-elementor-id=\"25\" class=\"elementor elementor-25\">\n\t\t\t\t\t\t<section class=\"elementor-section elementor-top-section elementor-element elementor-element-abf02e1 elementor-section-boxed elementor-section-height-default elementor-section-height-default\" data-id=\"abf02e1\" data-element_type=\"section\" data-e-type=\"section\">\n\t\t\t\t\t\t<div class=\"elementor-container elementor-column-gap-no\">\n\t\t\t\t\t<div class=\"elementor-column elementor-col-50 elementor-top-column elementor-element elementor-element-e0b9e45\" data-id=\"e0b9e45\" data-element_type=\"column\" data-e-type=\"column\">\n\t\t\t<div class=\"elementor-widget-wrap elementor-element-populated\">\n\t\t\t\t\t\t<div class=\"elementor-element elementor-element-be5ebce elementor-widget elementor-widget-image\" data-id=\"be5ebce\" data-element_type=\"widget\" data-e-type=\"widget\" data-widget_type=\"image.default\">\n\t\t\t\t\t\t\t\t\t\t\t\t\t\t\t<img fetchpriority=\"high\" decoding=\"async\" width=\"900\" height=\"615\" src=\"https:\/\/edirectorios.com.mx\/directorios-latinoamerica\/wp-content\/uploads\/2022\/08\/nosotros-edirectorios-1.jpg\" class=\"attachment-large size-large wp-image-11959\" alt=\"\" srcset=\"https:\/\/edirectorios.com.mx\/directorios-latinoamerica\/wp-content\/uploads\/2022\/08\/nosotros-edirectorios-1.jpg 900w, https:\/\/edirectorios.com.mx\/directorios-latinoamerica\/wp-content\/uploads\/2022\/08\/nosotros-edirectorios-1-300x205.jpg 300w, https:\/\/edirectorios.com.mx\/directorios-latinoamerica\/wp-content\/uploads\/2022\/08\/nosotros-edirectorios-1-768x525.jpg 768w\" sizes=\"(max-width: 900px) 100vw, 900px\" \/>\t\t\t\t\t\t\t\t\t\t\t\t\t\t\t<\/div>\n\t\t\t\t\t<\/div>\n\t\t<\/div>\n\t\t\t\t<div class=\"elementor-column elementor-col-50 elementor-top-column elementor-element elementor-element-65822ae\" data-id=\"65822ae\" data-element_type=\"column\" data-e-type=\"column\">\n\t\t\t<div class=\"elementor-widget-wrap elementor-element-populated\">\n\t\t\t\t\t\t<section class=\"elementor-section elementor-inner-section elementor-element elementor-element-c93e52b elementor-section-boxed elementor-section-height-default elementor-section-height-default\" data-id=\"c93e52b\" data-element_type=\"section\" data-e-type=\"section\">\n\t\t\t\t\t\t<div class=\"elementor-container elementor-column-gap-no\">\n\t\t\t\t\t<div class=\"elementor-column elementor-col-100 elementor-inner-column elementor-element elementor-element-5e465fe\" data-id=\"5e465fe\" data-element_type=\"column\" data-e-type=\"column\">\n\t\t\t<div class=\"elementor-widget-wrap elementor-element-populated\">\n\t\t\t\t\t\t<div class=\"elementor-element elementor-element-fc69ccf elementor-widget elementor-widget-heading\" data-id=\"fc69ccf\" data-element_type=\"widget\" data-e-type=\"widget\" data-widget_type=\"heading.default\">\n\t\t\t\t\t<h1 class=\"elementor-heading-title elementor-size-default\">eDirectorios<\/h1>\t\t\t\t<\/div>\n\t\t\t\t<div class=\"elementor-element elementor-element-60d4b41 elementor-widget elementor-widget-text-editor\" data-id=\"60d4b41\" data-element_type=\"widget\" data-e-type=\"widget\" data-widget_type=\"text-editor.default\">\n\t\t\t\t\t\t\t\t\t<p style=\"text-align: left;\">Es una <strong>empresa con presencia en el mercado<\/strong> desde hace m\u00e1s de 20 a\u00f1os, <strong>trabajando e innovando en la realizaci\u00f3n de las bases de datos<\/strong>.<\/p><p style=\"text-align: left;\">Ofrecemos <strong>excelente calidad y alta competitividad<\/strong>, nuestras bases de datos pre armadas y listas para <strong>entregar en menos de 24 horas<\/strong>, dise\u00f1adas para lograr la expansi\u00f3n de tu empresa.<\/p><p style=\"text-align: left;\">Contamos m\u00e1s de 90 millones de registros hechos a tu medida, <strong>trabajamos con una variedad de segmentaciones en M\u00e9xico y diversas partes de Latinoam\u00e9rica<\/strong>.<\/p><p style=\"text-align: left;\">Hemos superado las expectativas de nuestros clientes consiguiendo los \u00e9xitos que esperan en el mundo digital.<\/p>\t\t\t\t\t\t\t\t<\/div>\n\t\t\t\t\t<\/div>\n\t\t<\/div>\n\t\t\t\t\t<\/div>\n\t\t<\/section>\n\t\t\t\t\t<\/div>\n\t\t<\/div>\n\t\t\t\t\t<\/div>\n\t\t<\/section>\n\t\t\t\t<section class=\"elementor-section elementor-top-section elementor-element elementor-element-3f6f468 elementor-section-boxed elementor-section-height-default elementor-section-height-default\" data-id=\"3f6f468\" data-element_type=\"section\" data-e-type=\"section\">\n\t\t\t\t\t\t<div class=\"elementor-container elementor-column-gap-no\">\n\t\t\t\t\t<div class=\"elementor-column elementor-col-100 elementor-top-column elementor-element elementor-element-7643a9f\" data-id=\"7643a9f\" data-element_type=\"column\" data-e-type=\"column\">\n\t\t\t<div class=\"elementor-widget-wrap elementor-element-populated\">\n\t\t\t\t\t\t<div class=\"elementor-element elementor-element-154701c elementor-widget elementor-widget-html\" data-id=\"154701c\" data-element_type=\"widget\" data-e-type=\"widget\" data-widget_type=\"html.default\">\n\t\t\t\t\t<!-- INICIO SEO -->\r\n\r\n<div style=\"font-size:1pt; text-align:center; color:#fff; height:5px;\">Base de datos internacional de empresas. Directorio empresarial en guadalajara, Jalisco. Bases de datos para ventas Latinoam\u00e9rica. Base de datos para clientes. Directorio empresariales. Base de datos para ventas. base de datos constructoras Colombia. directorios de empresas en Colombia. directorio de negocios Brasil. venta de base de datos para call center Brasil. base de datos de empresas de industrias Latam. Base de datos de empresas automotrices en Colombia. Directorios industriales de emails Espa\u00f1a. base de correos electronicos Argentina. Base de datos de emails Canad\u00e1. directorio telef\u00f3nico personas de Estados Unidos. Base de datos para llamadas telef\u00f3nicas en Bolivia. empresas de manufactura en Colombia. Vendo base de datos de clientes Estados Unidos. empresas de manufactura en Colombia. Base de datos marketing m\u00f3vil Colombia. comprar base de datos de empresas Colombia. Directorios de empresas con mas de 200 empleados Colombia. Directorios de empresas automotrices en Espa\u00f1a. base de datos de industrias en Per\u00fa. bases de datos de empresas y clientes potenciales Colombia. base de datos de email Colombia. bases de datos corporativos en Estados Unidos. directorio de correos de empresas Estados Unidos. bases de datos de empresas en Canad\u00e1. Directorio detallado en Am\u00e9rica Latina de distintas base de datos. Directorio de empresas de manufactura Colombia. base de correos electronicos Brasil. base de datos de nivel socioeconomico A Estados Unidos. base de datos correos Brasil. base de datos de empresas nivel socioeconomico alto en Estados Unidos. Base de datos de empresas automotrices en Estados Unidos. Base de datos empresas Espa\u00f1a. directorio de empresas automotrices Estados Unidos. correos electronicos de empresas Venezuela. bases de datos venta Estados Unidos. Bases de datos\u00a0de telemarketing Belice. directorio de corporativos en Belice.  Base de datos de empresas aaa en LAtinoamerica. bases de datos segmentadas de Jamaica. Base de datos de correos electr\u00f3nicos Excel Estados Unidos. base de datos de empresas con giro recursos humanos en Mexico. base de datos de ventas Puerto Rico. Bases de datos de emails Colombia. Brasil mobile number database. Envia correos a tu base de datos de clientes de Jamaica. Bases de datos directorio empresas Brasil. Costa Rica email leads database. Directorios de correos empresariales Mexico. Jamaica business manufacturers directory. bases de datos para empresas Colombia. Espa\u00f1a emails directory. Lista de correos electr\u00f3nicos de empresas y consumidores Jamaica. Belice email directories. Espa\u00f1a email address lists. Venezuela b2b database providers. Venezuela business database directory. buy email address database Honduras. Republica Dominicana B2C y B2B email database. Base de datos empresarial Colombia. Listas de correos electr\u00f3nicos de empresas y profesionales en Colombia. Argentina B2B leads\u00a0database. Contamos con las Bases de Datos y Directorios m\u00e1s Completos en M\u00e9xico, Am\u00e9rica Latina e Internacional. Espa\u00f1a cell phone database. Base de datos de correos electr\u00f3nicos San Paulo. Colombia consumer lists. Espa\u00f1a B2B business directory. Venta de base-de-datos empresariales de Latinoam\u00e9rica, Base de datos para Am\u00e9rica Latina y el Caribe, directorio de empresas, Databases, Directorio internacional de empresas por sectores y productos, directorios empresariales, consumidores en Am\u00e9rica latina, nacionales e internacionales. Brasil manufactory company database. Brasil manufacturing company databases. Espa\u00f1a targeted prospecting email database. Honduras phone number database. Directorio de empresas de comercializacion de america latina. Espa\u00f1a b2b data providers. Commercial Directory of Colombia. Belice consumer email addresses directory. Espa\u00f1a m\u00f3vil database. Bases de Datos y Directorios M\u00e9xico, America Latina e Internacional. database emailing Espa\u00f1a. Chile email database provider. Espa\u00f1a business email database. Bases de datos empresas y consumidores de Am\u00e9rica Latina. Chile Telemarketing databases. Directorios M\u00e9xico, base de datos email marketing, directorio email, base de datos y directorio de empresas en mexico. Databases of businesses & consumers in Espa\u00f1a. Base de datos en mexico. Base de datos para marketing. Directorio de Empresas TI en Am\u00e9rica Latina. Databases of automotive companies in Costa Rica. Venezuela direct marketing database. directory email companies Colombia. Ecuador company email addresses. List of email databases Espa\u00f1a. Buy targeted mailing lists to reach businesses and consumers Guatemala. Espa\u00f1a telemarketing list. Email Database By Category: Costa Rica, El Salvador, Guatemala, Honduras, Nicaragua, Panam\u00e1, Argentina, Bolivia, Brasil, Chile, Colombia, Ecuador, Guyana, Guyana Francesa, Paraguay, Per\u00fa, Suriname, Uruguay, Venezuela, Antigua y Barbuda, Aruba, Bahamas, Barbados, Cuba, Dominica, Grenada, Guadalupe, Hait\u00ed, Islas Caim\u00e1n. Company Database for Trinidad and Tobago, Honduras, Colombia. Targeted email lists Espa\u00f1a. Brasil business directory. Espa\u00f1a business executives email list. Targeted email lists Espa\u00f1a. database email campaigns Ecuador. ICT Directory, Database million e-mail addresses of contacts of Argentina, Belice, Bolivia, Costa Rica, Ecuador, Guatemala, Guyana, Hait\u00ed, Jamaica, M\u00e9xico, Nicaragua, Paraguay, El Salvador, Uruguay. Ecuador providers email list. Database marketing Estados Unidos. Guatemala big company directories. Email Database for Sale Espa\u00f1a. Guatemala business contact directory. Big Data Marketing Belice, Costa Rica, El Salvador, Guatemala, Honduras, Nicaragua, Panam\u00e1, Argentina, Bolivia, Brasil, Chile, Colombia, Ecuador, Guyana, Guyana Francesa, Paraguay, Per\u00fa, Surinam, Uruguay, Venezuela, Antigua y Barbuda, Aruba, Bahamas, Barbados, M\u00e9xico, Cuba, Dominica, Grenada, Guadalupe, Hait\u00ed, Islas Caim\u00e1n, Islas Turcas y Caicos, Islas V\u00edrgenes, Jamaica, Martinica, Puerto Rico, Rep\u00fablica Dominicana, San Bartolom\u00e9, San Crist\u00f3bal y Nieves, San Vicente y las Granadinas, Santa Luc\u00eda, Trinidad y Tobago. Per\u00fa B2B leads database. Espa\u00f1a B2B contact database provider. Uruguay email marketing database. Venezuela targeted B2B email address directory. Espa\u00f1a HR managers database. Ecuador B2B database providers. Directorio de empresas e informaci\u00f3n en varios sectores. Compa\u00f1\u00edas, Empresas y Directorio Empresarial Am\u00e9rica latina. Venta de bases de datos y directorio America latina. eDirectorios somos una empresa de mercadeo directo de base de datos para email marketing, Databases Directorio internacional de empresas por sectores y productos, Directorio de bases de datos con informacion sobre america latina directorio de empresas, directorios empresariales, consumidores en Am\u00e9rica latina, nacionales e internacionales; Base de datos (Directorio) de Chile, Peru, Guatemala, Venezuela y Puerto rico.<\/div>\r\n\r\n<!-- FIN SEO -->\t\t\t\t<\/div>\n\t\t\t\t\t<\/div>\n\t\t<\/div>\n\t\t\t\t\t<\/div>\n\t\t<\/section>\n\t\t\t\t<\/div>\n\t\t","protected":false},"excerpt":{"rendered":"<p>eDirectorios Es una empresa con presencia en el mercado desde hace m\u00e1s de 20 a\u00f1os, trabajando e innovando en la realizaci\u00f3n de las bases de datos. Ofrecemos excelente calidad y alta competitividad, nuestras bases de datos pre armadas y listas para entregar en menos de 24 horas, dise\u00f1adas para lograr la expansi\u00f3n de tu empresa&#8230;.<\/p>\n","protected":false},"author":1,"featured_media":0,"parent":0,"menu_order":0,"comment_status":"closed","ping_status":"closed","template":"","meta":{"_bst_post_transparent":"disable","_bst_post_title":"hide","_bst_post_layout":"default","_bst_post_sidebar_id":"","_bst_post_content_style":"unboxed","_bst_post_vertical_padding":"default","_bst_post_feature":"hide","_bst_post_feature_position":"","_bst_post_header":false,"_bst_post_footer":false,"footnotes":""},"class_list":["post-25","page","type-page","status-publish","hentry"],"aioseo_notices":[],"_links":{"self":[{"href":"https:\/\/edirectorios.com.mx\/directorios-latinoamerica\/wp-json\/wp\/v2\/pages\/25","targetHints":{"allow":["GET"]}}],"collection":[{"href":"https:\/\/edirectorios.com.mx\/directorios-latinoamerica\/wp-json\/wp\/v2\/pages"}],"about":[{"href":"https:\/\/edirectorios.com.mx\/directorios-latinoamerica\/wp-json\/wp\/v2\/types\/page"}],"author":[{"embeddable":true,"href":"https:\/\/edirectorios.com.mx\/directorios-latinoamerica\/wp-json\/wp\/v2\/users\/1"}],"replies":[{"embeddable":true,"href":"https:\/\/edirectorios.com.mx\/directorios-latinoamerica\/wp-json\/wp\/v2\/comments?post=25"}],"version-history":[{"count":11,"href":"https:\/\/edirectorios.com.mx\/directorios-latinoamerica\/wp-json\/wp\/v2\/pages\/25\/revisions"}],"predecessor-version":[{"id":30861,"href":"https:\/\/edirectorios.com.mx\/directorios-latinoamerica\/wp-json\/wp\/v2\/pages\/25\/revisions\/30861"}],"wp:attachment":[{"href":"https:\/\/edirectorios.com.mx\/directorios-latinoamerica\/wp-json\/wp\/v2\/media?parent=25"}],"curies":[{"name":"wp","href":"https:\/\/api.w.org\/{rel}","templated":true}]}}